{"id":10,"date":"2022-12-03T23:38:04","date_gmt":"2022-12-03T22:38:04","guid":{"rendered":"https:\/\/www.elogistik.ch\/?page_id=10"},"modified":"2025-03-20T06:03:25","modified_gmt":"2025-03-20T05:03:25","slug":"ihre-hauseigene-cloud","status":"publish","type":"page","link":"https:\/\/elogistik.ch\/de\/","title":{"rendered":"Ihre interne, private Cloud"},"content":{"rendered":"\n<p>W\u00fcnschen Sie, Ihre Daten in Ihrer hauseigenen, privaten Cloud zu bearbeiten und zu speichern? Wollen Sie keine*n Dienstleister mehr, wo Sie nicht sicher sind, was mit Ihren Daten genau passiert?<\/p>\n\n\n\n<p>Wir k\u00f6nnen Ihnen die n\u00f6tigen Mittel f\u00fcr Ihre hauseigene Cloud in die Hand geben. Auch f\u00fcr hausinterne E-Mail, Chat und Videokonferenz.<\/p>\n\n\n\n<p>Hier finden Sie eine <a href=\"https:\/\/cloudtest.elogistik.ch\/index.php\/apps\/registration\/\" target=\"_blank\" rel=\"noreferrer noopener\">Test-Cloud<\/a>, wo Sie sich mit Ihrer E-Mail-Adresse einschreiben k\u00f6nnen.<\/p>\n\n\n\n<p>Bei Interesse k\u00f6nnen Sie und kontaktieren. Gerne werden wir uns bei Ihnen melden.<\/p>\n\n\n\n<div class=\"wp-block-contact-form-7-contact-form-selector\">\n<div class=\"wpcf7 no-js\" id=\"wpcf7-f16-o1\" lang=\"de-CH\" dir=\"ltr\" data-wpcf7-id=\"16\">\n<div class=\"screen-reader-response\"><p role=\"status\" aria-live=\"polite\" aria-atomic=\"true\"><\/p> <ul><\/ul><\/div>\n<form action=\"\/de\/wp-json\/wp\/v2\/pages\/10#wpcf7-f16-o1\" method=\"post\" class=\"wpcf7-form init\" aria-label=\"Contact form\" novalidate=\"novalidate\" data-status=\"init\">\n<fieldset class=\"hidden-fields-container\"><input type=\"hidden\" name=\"_wpcf7\" value=\"16\" \/><input type=\"hidden\" name=\"_wpcf7_version\" value=\"6.1.5\" \/><input type=\"hidden\" name=\"_wpcf7_locale\" value=\"de_CH\" \/><input type=\"hidden\" name=\"_wpcf7_unit_tag\" value=\"wpcf7-f16-o1\" \/><input type=\"hidden\" name=\"_wpcf7_container_post\" value=\"0\" \/><input type=\"hidden\" name=\"_wpcf7_posted_data_hash\" value=\"\" \/>\n<\/fieldset>\n<p><label> Ihr Name - Votre nom<br \/>\n<span class=\"wpcf7-form-control-wrap\" data-name=\"your-name\"><input size=\"40\" maxlength=\"400\" class=\"wpcf7-form-control wpcf7-text wpcf7-validates-as-required\" aria-required=\"true\" aria-invalid=\"false\" value=\"\" type=\"text\" name=\"your-name\" \/><\/span> <\/label>\n<\/p>\n<p><label> Ihre email - Votre email<br \/>\n<span class=\"wpcf7-form-control-wrap\" data-name=\"your-email\"><input size=\"40\" maxlength=\"400\" class=\"wpcf7-form-control wpcf7-email wpcf7-validates-as-required wpcf7-text wpcf7-validates-as-email\" aria-required=\"true\" aria-invalid=\"false\" value=\"\" type=\"email\" name=\"your-email\" \/><\/span> <\/label>\n<\/p>\n<p><label> Betreff - Concerne<br \/>\n<span class=\"wpcf7-form-control-wrap\" data-name=\"your-subject\"><input size=\"40\" maxlength=\"400\" class=\"wpcf7-form-control wpcf7-text wpcf7-validates-as-required\" aria-required=\"true\" aria-invalid=\"false\" value=\"\" type=\"text\" name=\"your-subject\" \/><\/span> <\/label>\n<\/p>\n<p><label> Ihre Nachricht - Votre message<br \/>\n<span class=\"wpcf7-form-control-wrap\" data-name=\"your-message\"><textarea cols=\"40\" rows=\"10\" maxlength=\"2000\" class=\"wpcf7-form-control wpcf7-textarea\" aria-invalid=\"false\" name=\"your-message\"><\/textarea><\/span> <\/label>\n<\/p>\n<p><div class=\"cf7-cf-turnstile\" style=\"margin-top: 0px; margin-bottom: -15px;\"> <div id=\"cf-turnstile-cf7-3650208773\" class=\"cf-turnstile\" data-callback=\"turnstileCF7Callback\" data-sitekey=\"0x4AAAAAAASHwAwQfBnyk1Gq\" data-theme=\"auto\" data-language=\"auto\" data-size=\"\" data-retry=\"auto\" data-retry-interval=\"1000\" data-refresh-expired=\"auto\" data-refresh-timeout=\"auto\" data-action=\"contact-form-7\" data-callback=\"turnstileCF7Callback\" data-appearance=\"always\"><\/div> <style>.wpcf7-submit { pointer-events: none; opacity: 0.5; }<\/style> <script>document.addEventListener(\"DOMContentLoaded\", function() { setTimeout(function(){ var e=document.getElementById(\"cf-turnstile-cf7-3650208773\"); if(e&&!e.innerHTML.trim()){turnstile.render(e, {sitekey:\"0x4AAAAAAASHwAwQfBnyk1Gq\"});} }, 200); });<\/script> <br class=\"cf-turnstile-br cf-turnstile-br-cf7-3650208773\"> <style>#cf-turnstile-cf7-3650208773 { margin-left: -15px; }<\/style> <script>document.addEventListener(\"DOMContentLoaded\",function(){document.querySelectorAll('.wpcf7-form').forEach(function(e){e.addEventListener('submit',function(){if(document.getElementById('cf-turnstile-cf7-3650208773')){setTimeout(function(){turnstile.reset('#cf-turnstile-cf7-3650208773');},1000)}})})});<\/script> <\/div><br\/><input class=\"wpcf7-form-control wpcf7-submit has-spinner\" type=\"submit\" value=\"Senden\" \/>\n<\/p><div class=\"wpcf7-response-output\" aria-hidden=\"true\"><\/div>\n<\/form>\n<\/div>\n<\/div>\n","protected":false},"excerpt":{"rendered":"<p>W\u00fcnschen Sie, Ihre Daten in Ihrer hauseigenen, privaten Cloud zu bearbeiten und zu speichern? Wollen Sie keine*n Dienstleister mehr, wo Sie nicht sicher sind, was mit Ihren Daten genau passiert? Wir k\u00f6nnen Ihnen die n\u00f6tigen Mittel f\u00fcr Ihre hauseigene Cloud in die Hand geben. Auch f\u00fcr hausinterne E-Mail, Chat und Videokonferenz. Hier finden Sie eine [&hellip;]<\/p>\n","protected":false},"author":1,"featured_media":0,"parent":0,"menu_order":0,"comment_status":"closed","ping_status":"closed","template":"template-parts\/template-page-full-width.php","meta":{"pagelayer_contact_templates":[],"_pagelayer_content":"","footnotes":""},"class_list":["post-10","page","type-page","status-publish","hentry"],"yoast_head":"<!-- This site is optimized with the Yoast SEO plugin v27.3 - https:\/\/yoast.com\/product\/yoast-seo-wordpress\/ -->\n<title>Ihre interne, private Cloud - eLogistik<\/title>\n<meta name=\"description\" content=\"private cloud\" \/>\n<meta name=\"robots\" content=\"index, follow, max-snippet:-1, max-image-preview:large, max-video-preview:-1\" \/>\n<link rel=\"canonical\" href=\"https:\/\/elogistik.ch\/de\/\" \/>\n<meta property=\"og:locale\" content=\"de_DE\" \/>\n<meta property=\"og:type\" content=\"article\" \/>\n<meta property=\"og:title\" content=\"Ihre interne, private Cloud - eLogistik\" \/>\n<meta property=\"og:description\" content=\"private cloud\" \/>\n<meta property=\"og:url\" content=\"https:\/\/elogistik.ch\/de\/\" \/>\n<meta property=\"og:site_name\" content=\"eLogistik\" \/>\n<meta property=\"article:modified_time\" content=\"2025-03-20T05:03:25+00:00\" \/>\n<meta name=\"twitter:card\" content=\"summary_large_image\" \/>\n<meta name=\"twitter:label1\" content=\"Gesch\u00e4tzte Lesezeit\" \/>\n\t<meta name=\"twitter:data1\" content=\"1\u00a0Minute\" \/>\n<script type=\"application\/ld+json\" class=\"yoast-schema-graph\">{\"@context\":\"https:\\\/\\\/schema.org\",\"@graph\":[{\"@type\":\"WebPage\",\"@id\":\"https:\\\/\\\/elogistik.ch\\\/de\\\/\",\"url\":\"https:\\\/\\\/elogistik.ch\\\/de\\\/\",\"name\":\"Ihre interne, private Cloud - eLogistik\",\"isPartOf\":{\"@id\":\"https:\\\/\\\/elogistik.ch\\\/de\\\/#website\"},\"datePublished\":\"2022-12-03T22:38:04+00:00\",\"dateModified\":\"2025-03-20T05:03:25+00:00\",\"description\":\"private cloud\",\"breadcrumb\":{\"@id\":\"https:\\\/\\\/elogistik.ch\\\/de\\\/#breadcrumb\"},\"inLanguage\":\"de\",\"potentialAction\":[{\"@type\":\"ReadAction\",\"target\":[\"https:\\\/\\\/elogistik.ch\\\/de\\\/\"]}]},{\"@type\":\"BreadcrumbList\",\"@id\":\"https:\\\/\\\/elogistik.ch\\\/de\\\/#breadcrumb\",\"itemListElement\":[{\"@type\":\"ListItem\",\"position\":1,\"name\":\"Home\",\"item\":\"https:\\\/\\\/elogistik.ch\\\/de\\\/\"},{\"@type\":\"ListItem\",\"position\":2,\"name\":\"Ihre interne, private Cloud\"}]},{\"@type\":\"WebSite\",\"@id\":\"https:\\\/\\\/elogistik.ch\\\/de\\\/#website\",\"url\":\"https:\\\/\\\/elogistik.ch\\\/de\\\/\",\"name\":\"eLogistik\",\"description\":\"\",\"publisher\":{\"@id\":\"https:\\\/\\\/elogistik.ch\\\/de\\\/#organization\"},\"potentialAction\":[{\"@type\":\"SearchAction\",\"target\":{\"@type\":\"EntryPoint\",\"urlTemplate\":\"https:\\\/\\\/elogistik.ch\\\/de\\\/?s={search_term_string}\"},\"query-input\":{\"@type\":\"PropertyValueSpecification\",\"valueRequired\":true,\"valueName\":\"search_term_string\"}}],\"inLanguage\":\"de\"},{\"@type\":\"Organization\",\"@id\":\"https:\\\/\\\/elogistik.ch\\\/de\\\/#organization\",\"name\":\"eLogistik\",\"url\":\"https:\\\/\\\/elogistik.ch\\\/de\\\/\",\"logo\":{\"@type\":\"ImageObject\",\"inLanguage\":\"de\",\"@id\":\"https:\\\/\\\/elogistik.ch\\\/de\\\/#\\\/schema\\\/logo\\\/image\\\/\",\"url\":\"https:\\\/\\\/elogistik.ch\\\/wp-content\\\/uploads\\\/2022\\\/12\\\/cropped-Wolke-2.png\",\"contentUrl\":\"https:\\\/\\\/elogistik.ch\\\/wp-content\\\/uploads\\\/2022\\\/12\\\/cropped-Wolke-2.png\",\"width\":288,\"height\":45,\"caption\":\"eLogistik\"},\"image\":{\"@id\":\"https:\\\/\\\/elogistik.ch\\\/de\\\/#\\\/schema\\\/logo\\\/image\\\/\"}}]}<\/script>\n<!-- \/ Yoast SEO plugin. -->","yoast_head_json":{"title":"Ihre interne, private Cloud - eLogistik","description":"private cloud","robots":{"index":"index","follow":"follow","max-snippet":"max-snippet:-1","max-image-preview":"max-image-preview:large","max-video-preview":"max-video-preview:-1"},"canonical":"https:\/\/elogistik.ch\/de\/","og_locale":"de_DE","og_type":"article","og_title":"Ihre interne, private Cloud - eLogistik","og_description":"private cloud","og_url":"https:\/\/elogistik.ch\/de\/","og_site_name":"eLogistik","article_modified_time":"2025-03-20T05:03:25+00:00","twitter_card":"summary_large_image","twitter_misc":{"Gesch\u00e4tzte Lesezeit":"1\u00a0Minute"},"schema":{"@context":"https:\/\/schema.org","@graph":[{"@type":"WebPage","@id":"https:\/\/elogistik.ch\/de\/","url":"https:\/\/elogistik.ch\/de\/","name":"Ihre interne, private Cloud - eLogistik","isPartOf":{"@id":"https:\/\/elogistik.ch\/de\/#website"},"datePublished":"2022-12-03T22:38:04+00:00","dateModified":"2025-03-20T05:03:25+00:00","description":"private cloud","breadcrumb":{"@id":"https:\/\/elogistik.ch\/de\/#breadcrumb"},"inLanguage":"de","potentialAction":[{"@type":"ReadAction","target":["https:\/\/elogistik.ch\/de\/"]}]},{"@type":"BreadcrumbList","@id":"https:\/\/elogistik.ch\/de\/#breadcrumb","itemListElement":[{"@type":"ListItem","position":1,"name":"Home","item":"https:\/\/elogistik.ch\/de\/"},{"@type":"ListItem","position":2,"name":"Ihre interne, private Cloud"}]},{"@type":"WebSite","@id":"https:\/\/elogistik.ch\/de\/#website","url":"https:\/\/elogistik.ch\/de\/","name":"eLogistik","description":"","publisher":{"@id":"https:\/\/elogistik.ch\/de\/#organization"},"potentialAction":[{"@type":"SearchAction","target":{"@type":"EntryPoint","urlTemplate":"https:\/\/elogistik.ch\/de\/?s={search_term_string}"},"query-input":{"@type":"PropertyValueSpecification","valueRequired":true,"valueName":"search_term_string"}}],"inLanguage":"de"},{"@type":"Organization","@id":"https:\/\/elogistik.ch\/de\/#organization","name":"eLogistik","url":"https:\/\/elogistik.ch\/de\/","logo":{"@type":"ImageObject","inLanguage":"de","@id":"https:\/\/elogistik.ch\/de\/#\/schema\/logo\/image\/","url":"https:\/\/elogistik.ch\/wp-content\/uploads\/2022\/12\/cropped-Wolke-2.png","contentUrl":"https:\/\/elogistik.ch\/wp-content\/uploads\/2022\/12\/cropped-Wolke-2.png","width":288,"height":45,"caption":"eLogistik"},"image":{"@id":"https:\/\/elogistik.ch\/de\/#\/schema\/logo\/image\/"}}]}},"_links":{"self":[{"href":"https:\/\/elogistik.ch\/de\/wp-json\/wp\/v2\/pages\/10","targetHints":{"allow":["GET"]}}],"collection":[{"href":"https:\/\/elogistik.ch\/de\/wp-json\/wp\/v2\/pages"}],"about":[{"href":"https:\/\/elogistik.ch\/de\/wp-json\/wp\/v2\/types\/page"}],"author":[{"embeddable":true,"href":"https:\/\/elogistik.ch\/de\/wp-json\/wp\/v2\/users\/1"}],"replies":[{"embeddable":true,"href":"https:\/\/elogistik.ch\/de\/wp-json\/wp\/v2\/comments?post=10"}],"version-history":[{"count":11,"href":"https:\/\/elogistik.ch\/de\/wp-json\/wp\/v2\/pages\/10\/revisions"}],"predecessor-version":[{"id":78,"href":"https:\/\/elogistik.ch\/de\/wp-json\/wp\/v2\/pages\/10\/revisions\/78"}],"wp:attachment":[{"href":"https:\/\/elogistik.ch\/de\/wp-json\/wp\/v2\/media?parent=10"}],"curies":[{"name":"wp","href":"https:\/\/api.w.org\/{rel}","templated":true}]}}